{"id":622,"date":"2021-11-15T03:31:56","date_gmt":"2021-11-15T02:31:56","guid":{"rendered":"http:\/\/lubosmoricky.com\/katalog\/?page_id=622"},"modified":"2021-11-28T01:00:57","modified_gmt":"2021-11-28T00:00:57","slug":"freestyle-31","status":"publish","type":"page","link":"http:\/\/lubosmoricky.com\/katalog\/freestyle-31\/","title":{"rendered":"KINO FLO &#8211; F31"},"content":{"rendered":"\t\t<div data-elementor-type=\"wp-page\" data-elementor-id=\"622\" class=\"elementor elementor-622\" data-elementor-settings=\"[]\">\n\t\t\t\t\t\t\t<div class=\"elementor-section-wrap\">\n\t\t\t\t\t\t\t<section class=\"elementor-section elementor-top-section elementor-element elementor-element-3fa33a97 elementor-section-boxed elementor-section-height-default elementor-section-height-default\" data-id=\"3fa33a97\" data-element_type=\"section\" data-settings=\"{&quot;background_background&quot;:&quot;classic&quot;}\">\n\t\t\t\t\t\t<div class=\"elementor-container elementor-column-gap-default\">\n\t\t\t\t\t<div class=\"elementor-column elementor-col-100 elementor-top-column elementor-element elementor-element-5bc6eeb0\" data-id=\"5bc6eeb0\" data-element_type=\"column\">\n\t\t\t<div class=\"elementor-widget-wrap elementor-element-populated\">\n\t\t\t\t\t\t\t\t<div class=\"elementor-element elementor-element-27495a08 elementor-widget elementor-widget-heading\" data-id=\"27495a08\" data-element_type=\"widget\" data-widget_type=\"heading.default\">\n\t\t\t\t<div class=\"elementor-widget-container\">\n\t\t\t<h2 class=\"elementor-heading-title elementor-size-large\">KINO FLO - FREESTYLE 31<\/h2>\t\t<\/div>\n\t\t\t\t<\/div>\n\t\t\t\t\t<\/div>\n\t\t<\/div>\n\t\t\t\t\t\t\t<\/div>\n\t\t<\/section>\n\t\t\t\t<section class=\"elementor-section elementor-top-section elementor-element elementor-element-16068571 elementor-section-boxed elementor-section-height-default elementor-section-height-default\" data-id=\"16068571\" data-element_type=\"section\" data-settings=\"{&quot;background_background&quot;:&quot;classic&quot;}\">\n\t\t\t\t\t\t<div class=\"elementor-container elementor-column-gap-default\">\n\t\t\t\t\t<div class=\"elementor-column elementor-col-66 elementor-top-column elementor-element elementor-element-1613e264\" data-id=\"1613e264\" data-element_type=\"column\">\n\t\t\t<div class=\"elementor-widget-wrap elementor-element-populated\">\n\t\t\t\t\t\t\t\t<div class=\"elementor-element elementor-element-122523a4 elementor-widget elementor-widget-image\" data-id=\"122523a4\" data-element_type=\"widget\" data-widget_type=\"image.default\">\n\t\t\t\t<div class=\"elementor-widget-container\">\n\t\t\t\t\t\t\t\t\t\t\t\t\t\t\t\t<a href=\"http:\/\/lubosmoricky.com\/katalog\/wp-content\/uploads\/2021\/11\/f31_1.jpg\" data-elementor-open-lightbox=\"yes\" data-elementor-lightbox-slideshow=\"0351a42\" data-elementor-lightbox-title=\"f31_1\">\n\t\t\t\t\t\t\t<img loading=\"lazy\" decoding=\"async\" width=\"1000\" height=\"668\" src=\"http:\/\/lubosmoricky.com\/katalog\/wp-content\/uploads\/2021\/11\/f31_1.jpg\" class=\"elementor-animation-grow attachment-large size-large\" alt=\"\" srcset=\"http:\/\/lubosmoricky.com\/katalog\/wp-content\/uploads\/2021\/11\/f31_1.jpg 1000w, http:\/\/lubosmoricky.com\/katalog\/wp-content\/uploads\/2021\/11\/f31_1-300x200.jpg 300w, http:\/\/lubosmoricky.com\/katalog\/wp-content\/uploads\/2021\/11\/f31_1-768x513.jpg 768w, http:\/\/lubosmoricky.com\/katalog\/wp-content\/uploads\/2021\/11\/f31_1-600x401.jpg 600w, http:\/\/lubosmoricky.com\/katalog\/wp-content\/uploads\/2021\/11\/f31_1-240x160.jpg 240w\" sizes=\"auto, (max-width: 1000px) 100vw, 1000px\" \/>\t\t\t\t\t\t\t\t<\/a>\n\t\t\t\t\t\t\t\t\t\t\t\t\t\t\t<\/div>\n\t\t\t\t<\/div>\n\t\t\t\t\t<\/div>\n\t\t<\/div>\n\t\t\t\t<div class=\"elementor-column elementor-col-33 elementor-top-column elementor-element elementor-element-2418eadd\" data-id=\"2418eadd\" data-element_type=\"column\">\n\t\t\t<div class=\"elementor-widget-wrap elementor-element-populated\">\n\t\t\t\t\t\t\t\t<div class=\"elementor-element elementor-element-0351a42 elementor-widget elementor-widget-image-gallery\" data-id=\"0351a42\" data-element_type=\"widget\" data-widget_type=\"image-gallery.default\">\n\t\t\t\t<div class=\"elementor-widget-container\">\n\t\t\t\t\t<div class=\"elementor-image-gallery\">\n\t\t\t<div id='gallery-1' class='gallery galleryid-622 gallery-columns-1 gallery-size-shop_thumbnail'><figure class='gallery-item'>\n\t\t\t<div class='gallery-icon landscape'>\n\t\t\t\t<a data-elementor-open-lightbox=\"yes\" data-elementor-lightbox-slideshow=\"0351a42\" data-elementor-lightbox-title=\"f31_2\" href='http:\/\/lubosmoricky.com\/katalog\/wp-content\/uploads\/2021\/11\/f31_2.jpg'><img loading=\"lazy\" decoding=\"async\" width=\"100\" height=\"100\" src=\"http:\/\/lubosmoricky.com\/katalog\/wp-content\/uploads\/2021\/11\/f31_2-100x100.jpg\" class=\"attachment-shop_thumbnail size-shop_thumbnail\" alt=\"\" srcset=\"http:\/\/lubosmoricky.com\/katalog\/wp-content\/uploads\/2021\/11\/f31_2-100x100.jpg 100w, http:\/\/lubosmoricky.com\/katalog\/wp-content\/uploads\/2021\/11\/f31_2-150x150.jpg 150w, http:\/\/lubosmoricky.com\/katalog\/wp-content\/uploads\/2021\/11\/f31_2-300x300.jpg 300w\" sizes=\"auto, (max-width: 100px) 100vw, 100px\" \/><\/a>\n\t\t\t<\/div><\/figure><figure class='gallery-item'>\n\t\t\t<div class='gallery-icon landscape'>\n\t\t\t\t<a data-elementor-open-lightbox=\"yes\" data-elementor-lightbox-slideshow=\"0351a42\" data-elementor-lightbox-title=\"f31_3\" href='http:\/\/lubosmoricky.com\/katalog\/wp-content\/uploads\/2021\/11\/f31_3.jpg'><img loading=\"lazy\" decoding=\"async\" width=\"100\" height=\"100\" src=\"http:\/\/lubosmoricky.com\/katalog\/wp-content\/uploads\/2021\/11\/f31_3-100x100.jpg\" class=\"attachment-shop_thumbnail size-shop_thumbnail\" alt=\"\" srcset=\"http:\/\/lubosmoricky.com\/katalog\/wp-content\/uploads\/2021\/11\/f31_3-100x100.jpg 100w, http:\/\/lubosmoricky.com\/katalog\/wp-content\/uploads\/2021\/11\/f31_3-150x150.jpg 150w, http:\/\/lubosmoricky.com\/katalog\/wp-content\/uploads\/2021\/11\/f31_3-300x300.jpg 300w\" sizes=\"auto, (max-width: 100px) 100vw, 100px\" \/><\/a>\n\t\t\t<\/div><\/figure><figure class='gallery-item'>\n\t\t\t<div class='gallery-icon landscape'>\n\t\t\t\t<a data-elementor-open-lightbox=\"yes\" data-elementor-lightbox-slideshow=\"0351a42\" data-elementor-lightbox-title=\"f31_4\" href='http:\/\/lubosmoricky.com\/katalog\/wp-content\/uploads\/2021\/11\/f31_4.jpg'><img loading=\"lazy\" decoding=\"async\" width=\"100\" height=\"100\" src=\"http:\/\/lubosmoricky.com\/katalog\/wp-content\/uploads\/2021\/11\/f31_4-100x100.jpg\" class=\"attachment-shop_thumbnail size-shop_thumbnail\" alt=\"\" srcset=\"http:\/\/lubosmoricky.com\/katalog\/wp-content\/uploads\/2021\/11\/f31_4-100x100.jpg 100w, http:\/\/lubosmoricky.com\/katalog\/wp-content\/uploads\/2021\/11\/f31_4-150x150.jpg 150w, http:\/\/lubosmoricky.com\/katalog\/wp-content\/uploads\/2021\/11\/f31_4-300x300.jpg 300w\" sizes=\"auto, (max-width: 100px) 100vw, 100px\" \/><\/a>\n\t\t\t<\/div><\/figure><figure class='gallery-item'>\n\t\t\t<div class='gallery-icon landscape'>\n\t\t\t\t<a data-elementor-open-lightbox=\"yes\" data-elementor-lightbox-slideshow=\"0351a42\" data-elementor-lightbox-title=\"f31_5\" href='http:\/\/lubosmoricky.com\/katalog\/wp-content\/uploads\/2021\/11\/f31_5.jpg'><img loading=\"lazy\" decoding=\"async\" width=\"100\" height=\"100\" src=\"http:\/\/lubosmoricky.com\/katalog\/wp-content\/uploads\/2021\/11\/f31_5-100x100.jpg\" class=\"attachment-shop_thumbnail size-shop_thumbnail\" alt=\"\" srcset=\"http:\/\/lubosmoricky.com\/katalog\/wp-content\/uploads\/2021\/11\/f31_5-100x100.jpg 100w, http:\/\/lubosmoricky.com\/katalog\/wp-content\/uploads\/2021\/11\/f31_5-150x150.jpg 150w, http:\/\/lubosmoricky.com\/katalog\/wp-content\/uploads\/2021\/11\/f31_5-300x300.jpg 300w\" sizes=\"auto, (max-width: 100px) 100vw, 100px\" \/><\/a>\n\t\t\t<\/div><\/figure>\n\t\t<\/div>\n\t\t<\/div>\n\t\t\t\t<\/div>\n\t\t\t\t<\/div>\n\t\t\t\t\t<\/div>\n\t\t<\/div>\n\t\t\t\t\t\t\t<\/div>\n\t\t<\/section>\n\t\t\t\t<section class=\"elementor-section elementor-top-section elementor-element elementor-element-3537ad12 elementor-section-boxed elementor-section-height-default elementor-section-height-default\" data-id=\"3537ad12\" data-element_type=\"section\" data-settings=\"{&quot;background_background&quot;:&quot;classic&quot;}\">\n\t\t\t\t\t\t<div class=\"elementor-container elementor-column-gap-default\">\n\t\t\t\t\t<div class=\"elementor-column elementor-col-100 elementor-top-column elementor-element elementor-element-28db6de1\" data-id=\"28db6de1\" data-element_type=\"column\">\n\t\t\t<div class=\"elementor-widget-wrap elementor-element-populated\">\n\t\t\t\t\t\t\t\t<div class=\"elementor-element elementor-element-47b28af6 elementor-widget elementor-widget-heading\" data-id=\"47b28af6\" data-element_type=\"widget\" data-widget_type=\"heading.default\">\n\t\t\t\t<div class=\"elementor-widget-container\">\n\t\t\t<h2 class=\"elementor-heading-title elementor-size-default\">F31 je lehk\u00fd 3ft RGB LED panel. Skv\u011bl\u00e9 pod\u00e1n\u00ed barev, pln\u00e9 RGB, rozsah whitebalance 2500-9900K, efekty, bezdr\u00e1tov\u00e9 DMX, pasivn\u00ed chlazen\u00ed. Mo\u017enost nap\u00e1jet z baterie.\t\t\n\t\t\t\t\t\t\n<\/h2>\t\t<\/div>\n\t\t\t\t<\/div>\n\t\t\t\t\t<\/div>\n\t\t<\/div>\n\t\t\t\t\t\t\t<\/div>\n\t\t<\/section>\n\t\t\t\t<section class=\"elementor-section elementor-top-section elementor-element elementor-element-3c177d7 elementor-section-boxed elementor-section-height-default elementor-section-height-default\" data-id=\"3c177d7\" data-element_type=\"section\" data-settings=\"{&quot;background_background&quot;:&quot;classic&quot;}\">\n\t\t\t\t\t\t<div class=\"elementor-container elementor-column-gap-default\">\n\t\t\t\t\t<div class=\"elementor-column elementor-col-100 elementor-top-column elementor-element elementor-element-78c6c258\" data-id=\"78c6c258\" data-element_type=\"column\">\n\t\t\t<div class=\"elementor-widget-wrap elementor-element-populated\">\n\t\t\t\t\t\t\t\t<div class=\"elementor-element elementor-element-205bfea6 elementor-widget elementor-widget-heading\" data-id=\"205bfea6\" data-element_type=\"widget\" data-widget_type=\"heading.default\">\n\t\t\t\t<div class=\"elementor-widget-container\">\n\t\t\t<h2 class=\"elementor-heading-title elementor-size-small\">P\u0159\u00edkon 150W, 95x24cm, 60\u00b0 + 90\u00b0 vo\u0161tina, v\u00e1ha panelu 4Kg, ballast na 7,5m kabelu, CRMX<\/h2>\t\t<\/div>\n\t\t\t\t<\/div>\n\t\t\t\t\t<\/div>\n\t\t<\/div>\n\t\t\t\t\t\t\t<\/div>\n\t\t<\/section>\n\t\t\t\t\t\t<\/div>\n\t\t\t\t\t<\/div>\n\t\t","protected":false},"excerpt":{"rendered":"<p>KINO FLO &#8211; FREESTYLE 31 F31 je lehk\u00fd 3ft RGB LED panel. Skv\u011bl\u00e9 pod\u00e1n\u00ed barev, pln\u00e9 RGB, rozsah whitebalance 2500-9900K, efekty, bezdr\u00e1tov\u00e9 DMX, pasivn\u00ed chlazen\u00ed. Mo\u017enost nap\u00e1jet z baterie. P\u0159\u00edkon 150W, 95x24cm, 60\u00b0 + 90\u00b0 vo\u0161tina, v\u00e1ha panelu 4Kg, ballast na 7,5m kabelu, CRMX<\/p>\n","protected":false},"author":2,"featured_media":0,"parent":0,"menu_order":0,"comment_status":"closed","ping_status":"closed","template":"elementor_header_footer","meta":{"pgc_sgb_lightbox_settings":"","ngg_post_thumbnail":0,"ocean_post_layout":"full-screen","ocean_both_sidebars_style":"","ocean_both_sidebars_content_width":0,"ocean_both_sidebars_sidebars_width":0,"ocean_sidebar":"0","ocean_second_sidebar":"0","ocean_disable_margins":"enable","ocean_add_body_class":"","ocean_shortcode_before_top_bar":"","ocean_shortcode_after_top_bar":"","ocean_shortcode_before_header":"","ocean_shortcode_after_header":"","ocean_has_shortcode":"","ocean_shortcode_after_title":"","ocean_shortcode_before_footer_widgets":"","ocean_shortcode_after_footer_widgets":"","ocean_shortcode_before_footer_bottom":"","ocean_shortcode_after_footer_bottom":"","ocean_display_top_bar":"off","ocean_display_header":"default","ocean_header_style":"","ocean_center_header_left_menu":"0","ocean_custom_header_template":"0","ocean_custom_logo":0,"ocean_custom_retina_logo":0,"ocean_custom_logo_max_width":0,"ocean_custom_logo_tablet_max_width":0,"ocean_custom_logo_mobile_max_width":0,"ocean_custom_logo_max_height":0,"ocean_custom_logo_tablet_max_height":0,"ocean_custom_logo_mobile_max_height":0,"ocean_header_custom_menu":"0","ocean_menu_typo_font_family":"0","ocean_menu_typo_font_subset":"","ocean_menu_typo_font_size":0,"ocean_menu_typo_font_size_tablet":0,"ocean_menu_typo_font_size_mobile":0,"ocean_menu_typo_font_size_unit":"px","ocean_menu_typo_font_weight":"","ocean_menu_typo_font_weight_tablet":"","ocean_menu_typo_font_weight_mobile":"","ocean_menu_typo_transform":"","ocean_menu_typo_transform_tablet":"","ocean_menu_typo_transform_mobile":"","ocean_menu_typo_line_height":0,"ocean_menu_typo_line_height_tablet":0,"ocean_menu_typo_line_height_mobile":0,"ocean_menu_typo_line_height_unit":"","ocean_menu_typo_spacing":0,"ocean_menu_typo_spacing_tablet":0,"ocean_menu_typo_spacing_mobile":0,"ocean_menu_typo_spacing_unit":"","ocean_menu_link_color":"","ocean_menu_link_color_hover":"","ocean_menu_link_color_active":"","ocean_menu_link_background":"","ocean_menu_link_hover_background":"","ocean_menu_link_active_background":"","ocean_menu_social_links_bg":"","ocean_menu_social_hover_links_bg":"","ocean_menu_social_links_color":"","ocean_menu_social_hover_links_color":"","ocean_disable_title":"on","ocean_disable_heading":"default","ocean_post_title":"","ocean_post_subheading":"","ocean_post_title_style":"","ocean_post_title_background_color":"","ocean_post_title_background":0,"ocean_post_title_bg_image_position":"","ocean_post_title_bg_image_attachment":"","ocean_post_title_bg_image_repeat":"","ocean_post_title_bg_image_size":"","ocean_post_title_height":0,"ocean_post_title_bg_overlay":0.5,"ocean_post_title_bg_overlay_color":"","ocean_disable_breadcrumbs":"default","ocean_breadcrumbs_color":"","ocean_breadcrumbs_separator_color":"","ocean_breadcrumbs_links_color":"","ocean_breadcrumbs_links_hover_color":"","ocean_display_footer_widgets":"off","ocean_display_footer_bottom":"off","ocean_custom_footer_template":"0","footnotes":""},"class_list":["post-622","page","type-page","status-publish","hentry","entry","owp-thumbs-layout-horizontal","owp-btn-normal","owp-tabs-layout-horizontal","has-no-thumbnails","has-product-nav"],"_links":{"self":[{"href":"http:\/\/lubosmoricky.com\/katalog\/wp-json\/wp\/v2\/pages\/622","targetHints":{"allow":["GET"]}}],"collection":[{"href":"http:\/\/lubosmoricky.com\/katalog\/wp-json\/wp\/v2\/pages"}],"about":[{"href":"http:\/\/lubosmoricky.com\/katalog\/wp-json\/wp\/v2\/types\/page"}],"author":[{"embeddable":true,"href":"http:\/\/lubosmoricky.com\/katalog\/wp-json\/wp\/v2\/users\/2"}],"replies":[{"embeddable":true,"href":"http:\/\/lubosmoricky.com\/katalog\/wp-json\/wp\/v2\/comments?post=622"}],"version-history":[{"count":37,"href":"http:\/\/lubosmoricky.com\/katalog\/wp-json\/wp\/v2\/pages\/622\/revisions"}],"predecessor-version":[{"id":2357,"href":"http:\/\/lubosmoricky.com\/katalog\/wp-json\/wp\/v2\/pages\/622\/revisions\/2357"}],"wp:attachment":[{"href":"http:\/\/lubosmoricky.com\/katalog\/wp-json\/wp\/v2\/media?parent=622"}],"curies":[{"name":"wp","href":"https:\/\/api.w.org\/{rel}","templated":true}]}}