{"id":4433,"date":"2024-12-12T02:20:19","date_gmt":"2024-12-12T01:20:19","guid":{"rendered":"http:\/\/lubosmoricky.com\/katalog\/?page_id=4433"},"modified":"2024-12-12T03:21:14","modified_gmt":"2024-12-12T02:21:14","slug":"astera-luna","status":"publish","type":"page","link":"http:\/\/lubosmoricky.com\/katalog\/astera-luna\/","title":{"rendered":"ASTERA LUNA"},"content":{"rendered":"\t\t<div data-elementor-type=\"wp-page\" data-elementor-id=\"4433\" class=\"elementor elementor-4433\" data-elementor-settings=\"[]\">\n\t\t\t\t\t\t\t<div class=\"elementor-section-wrap\">\n\t\t\t\t\t\t\t<section class=\"elementor-section elementor-top-section elementor-element elementor-element-3c8d00b7 elementor-section-boxed elementor-section-height-default elementor-section-height-default\" data-id=\"3c8d00b7\" data-element_type=\"section\" data-settings=\"{&quot;background_background&quot;:&quot;classic&quot;}\">\n\t\t\t\t\t\t<div class=\"elementor-container elementor-column-gap-default\">\n\t\t\t\t\t<div class=\"elementor-column elementor-col-100 elementor-top-column elementor-element elementor-element-aefd65d\" data-id=\"aefd65d\" data-element_type=\"column\">\n\t\t\t<div class=\"elementor-widget-wrap elementor-element-populated\">\n\t\t\t\t\t\t\t\t<div class=\"elementor-element elementor-element-318056ef elementor-widget elementor-widget-heading\" data-id=\"318056ef\" data-element_type=\"widget\" data-widget_type=\"heading.default\">\n\t\t\t\t<div class=\"elementor-widget-container\">\n\t\t\t<h2 class=\"elementor-heading-title elementor-size-large\">ASTERA  -  LUNA<\/h2>\t\t<\/div>\n\t\t\t\t<\/div>\n\t\t\t\t\t<\/div>\n\t\t<\/div>\n\t\t\t\t\t\t\t<\/div>\n\t\t<\/section>\n\t\t\t\t<section class=\"elementor-section elementor-top-section elementor-element elementor-element-74893715 elementor-section-boxed elementor-section-height-default elementor-section-height-default\" data-id=\"74893715\" data-element_type=\"section\" data-settings=\"{&quot;background_background&quot;:&quot;classic&quot;}\">\n\t\t\t\t\t\t<div class=\"elementor-container elementor-column-gap-default\">\n\t\t\t\t\t<div class=\"elementor-column elementor-col-66 elementor-top-column elementor-element elementor-element-6dfec0f5\" data-id=\"6dfec0f5\" data-element_type=\"column\">\n\t\t\t<div class=\"elementor-widget-wrap elementor-element-populated\">\n\t\t\t\t\t\t\t\t<div class=\"elementor-element elementor-element-7fa0d17e elementor-widget elementor-widget-image\" data-id=\"7fa0d17e\" data-element_type=\"widget\" data-widget_type=\"image.default\">\n\t\t\t\t<div class=\"elementor-widget-container\">\n\t\t\t\t\t\t\t\t\t\t\t\t\t\t\t\t<a href=\"http:\/\/lubosmoricky.com\/katalog\/wp-content\/uploads\/2024\/12\/luna.jpg\" data-elementor-open-lightbox=\"yes\" data-elementor-lightbox-slideshow=\"dd82f6b\" data-elementor-lightbox-title=\"LUNA BULB\">\n\t\t\t\t\t\t\t<img loading=\"lazy\" decoding=\"async\" width=\"1000\" height=\"688\" src=\"http:\/\/lubosmoricky.com\/katalog\/wp-content\/uploads\/2024\/12\/luna.jpg\" class=\"elementor-animation-grow attachment-large size-large\" alt=\"\" srcset=\"http:\/\/lubosmoricky.com\/katalog\/wp-content\/uploads\/2024\/12\/luna.jpg 1000w, http:\/\/lubosmoricky.com\/katalog\/wp-content\/uploads\/2024\/12\/luna-300x206.jpg 300w, http:\/\/lubosmoricky.com\/katalog\/wp-content\/uploads\/2024\/12\/luna-768x528.jpg 768w, http:\/\/lubosmoricky.com\/katalog\/wp-content\/uploads\/2024\/12\/luna-600x413.jpg 600w, http:\/\/lubosmoricky.com\/katalog\/wp-content\/uploads\/2024\/12\/luna-233x160.jpg 233w\" sizes=\"auto, (max-width: 1000px) 100vw, 1000px\" \/>\t\t\t\t\t\t\t\t<\/a>\n\t\t\t\t\t\t\t\t\t\t\t\t\t\t\t<\/div>\n\t\t\t\t<\/div>\n\t\t\t\t\t<\/div>\n\t\t<\/div>\n\t\t\t\t<div class=\"elementor-column elementor-col-33 elementor-top-column elementor-element elementor-element-34c14e7c\" data-id=\"34c14e7c\" data-element_type=\"column\">\n\t\t\t<div class=\"elementor-widget-wrap elementor-element-populated\">\n\t\t\t\t\t\t\t\t<div class=\"elementor-element elementor-element-dd82f6b elementor-widget elementor-widget-image-gallery\" data-id=\"dd82f6b\" data-element_type=\"widget\" data-widget_type=\"image-gallery.default\">\n\t\t\t\t<div class=\"elementor-widget-container\">\n\t\t\t\t\t<div class=\"elementor-image-gallery\">\n\t\t\t<div id='gallery-1' class='gallery galleryid-4433 gallery-columns-1 gallery-size-shop_thumbnail'><figure class='gallery-item'>\n\t\t\t<div class='gallery-icon landscape'>\n\t\t\t\t<a data-elementor-open-lightbox=\"yes\" data-elementor-lightbox-slideshow=\"dd82f6b\" data-elementor-lightbox-title=\"prep\" href='http:\/\/lubosmoricky.com\/katalog\/wp-content\/uploads\/2024\/12\/prep.jpg'><img loading=\"lazy\" decoding=\"async\" width=\"100\" height=\"100\" src=\"http:\/\/lubosmoricky.com\/katalog\/wp-content\/uploads\/2024\/12\/prep-100x100.jpg\" class=\"attachment-shop_thumbnail size-shop_thumbnail\" alt=\"\" aria-describedby=\"gallery-1-4471\" srcset=\"http:\/\/lubosmoricky.com\/katalog\/wp-content\/uploads\/2024\/12\/prep-100x100.jpg 100w, http:\/\/lubosmoricky.com\/katalog\/wp-content\/uploads\/2024\/12\/prep-150x150.jpg 150w, http:\/\/lubosmoricky.com\/katalog\/wp-content\/uploads\/2024\/12\/prep-300x300.jpg 300w\" sizes=\"auto, (max-width: 100px) 100vw, 100px\" \/><\/a>\n\t\t\t<\/div>\n\t\t\t\t<figcaption class='wp-caption-text gallery-caption' id='gallery-1-4471'>\n\t\t\t\tPREPCASE\n\t\t\t\t<\/figcaption><\/figure>\n\t\t<\/div>\n\t\t<\/div>\n\t\t\t\t<\/div>\n\t\t\t\t<\/div>\n\t\t\t\t\t<\/div>\n\t\t<\/div>\n\t\t\t\t\t\t\t<\/div>\n\t\t<\/section>\n\t\t\t\t<section class=\"elementor-section elementor-top-section elementor-element elementor-element-822066c elementor-section-boxed elementor-section-height-default elementor-section-height-default\" data-id=\"822066c\" data-element_type=\"section\" data-settings=\"{&quot;background_background&quot;:&quot;classic&quot;}\">\n\t\t\t\t\t\t<div class=\"elementor-container elementor-column-gap-default\">\n\t\t\t\t\t<div class=\"elementor-column elementor-col-100 elementor-top-column elementor-element elementor-element-e2da383\" data-id=\"e2da383\" data-element_type=\"column\">\n\t\t\t<div class=\"elementor-widget-wrap elementor-element-populated\">\n\t\t\t\t\t\t\t\t<div class=\"elementor-element elementor-element-2130f7b3 elementor-widget elementor-widget-heading\" data-id=\"2130f7b3\" data-element_type=\"widget\" data-widget_type=\"heading.default\">\n\t\t\t\t<div class=\"elementor-widget-container\">\n\t\t\t<h2 class=\"elementor-heading-title elementor-size-default\">Luna je miniaturn\u00ed RGB \u017e\u00e1rovka, kter\u00e1 se vejde opravdu kamkoliv<br>Jej\u00ed hlavn\u00ed p\u0159ednost\u00ed nen\u00ed intenzita, ale konektivita a kompaktn\u00ed rozm\u011bry\n\t\t\t\t\t\t<\/h2>\t\t<\/div>\n\t\t\t\t<\/div>\n\t\t\t\t\t<\/div>\n\t\t<\/div>\n\t\t\t\t\t\t\t<\/div>\n\t\t<\/section>\n\t\t\t\t<section class=\"elementor-section elementor-top-section elementor-element elementor-element-72bfeaf8 elementor-section-boxed elementor-section-height-default elementor-section-height-default\" data-id=\"72bfeaf8\" data-element_type=\"section\" data-settings=\"{&quot;background_background&quot;:&quot;classic&quot;}\">\n\t\t\t\t\t\t<div class=\"elementor-container elementor-column-gap-default\">\n\t\t\t\t\t<div class=\"elementor-column elementor-col-100 elementor-top-column elementor-element elementor-element-363580ee\" data-id=\"363580ee\" data-element_type=\"column\">\n\t\t\t<div class=\"elementor-widget-wrap elementor-element-populated\">\n\t\t\t\t\t\t\t\t<div class=\"elementor-element elementor-element-45ed0007 elementor-widget elementor-widget-heading\" data-id=\"45ed0007\" data-element_type=\"widget\" data-widget_type=\"heading.default\">\n\t\t\t\t<div class=\"elementor-widget-container\">\n\t\t\t<h2 class=\"elementor-heading-title elementor-size-small\">P\u0159\u00edkon 3,3W, v\u00e1ha 81g, E27, 33x92mm<\/h2>\t\t<\/div>\n\t\t\t\t<\/div>\n\t\t\t\t\t<\/div>\n\t\t<\/div>\n\t\t\t\t\t\t\t<\/div>\n\t\t<\/section>\n\t\t\t\t\t\t<\/div>\n\t\t\t\t\t<\/div>\n\t\t","protected":false},"excerpt":{"rendered":"<p>ASTERA &#8211; LUNA PREPCASE Luna je miniaturn\u00ed RGB \u017e\u00e1rovka, kter\u00e1 se vejde opravdu kamkolivJej\u00ed hlavn\u00ed p\u0159ednost\u00ed nen\u00ed intenzita, ale konektivita a kompaktn\u00ed rozm\u011bry P\u0159\u00edkon 3,3W, v\u00e1ha 81g, E27, 33x92mm<\/p>\n","protected":false},"author":2,"featured_media":0,"parent":0,"menu_order":0,"comment_status":"closed","ping_status":"closed","template":"elementor_header_footer","meta":{"pgc_sgb_lightbox_settings":"","ngg_post_thumbnail":0,"ocean_post_layout":"full-screen","ocean_both_sidebars_style":"","ocean_both_sidebars_content_width":0,"ocean_both_sidebars_sidebars_width":0,"ocean_sidebar":"0","ocean_second_sidebar":"0","ocean_disable_margins":"enable","ocean_add_body_class":"","ocean_shortcode_before_top_bar":"","ocean_shortcode_after_top_bar":"","ocean_shortcode_before_header":"","ocean_shortcode_after_header":"","ocean_has_shortcode":"","ocean_shortcode_after_title":"","ocean_shortcode_before_footer_widgets":"","ocean_shortcode_after_footer_widgets":"","ocean_shortcode_before_footer_bottom":"","ocean_shortcode_after_footer_bottom":"","ocean_display_top_bar":"off","ocean_display_header":"default","ocean_header_style":"","ocean_center_header_left_menu":"0","ocean_custom_header_template":"0","ocean_custom_logo":0,"ocean_custom_retina_logo":0,"ocean_custom_logo_max_width":0,"ocean_custom_logo_tablet_max_width":0,"ocean_custom_logo_mobile_max_width":0,"ocean_custom_logo_max_height":0,"ocean_custom_logo_tablet_max_height":0,"ocean_custom_logo_mobile_max_height":0,"ocean_header_custom_menu":"0","ocean_menu_typo_font_family":"0","ocean_menu_typo_font_subset":"","ocean_menu_typo_font_size":0,"ocean_menu_typo_font_size_tablet":0,"ocean_menu_typo_font_size_mobile":0,"ocean_menu_typo_font_size_unit":"px","ocean_menu_typo_font_weight":"","ocean_menu_typo_font_weight_tablet":"","ocean_menu_typo_font_weight_mobile":"","ocean_menu_typo_transform":"","ocean_menu_typo_transform_tablet":"","ocean_menu_typo_transform_mobile":"","ocean_menu_typo_line_height":0,"ocean_menu_typo_line_height_tablet":0,"ocean_menu_typo_line_height_mobile":0,"ocean_menu_typo_line_height_unit":"","ocean_menu_typo_spacing":0,"ocean_menu_typo_spacing_tablet":0,"ocean_menu_typo_spacing_mobile":0,"ocean_menu_typo_spacing_unit":"","ocean_menu_link_color":"","ocean_menu_link_color_hover":"","ocean_menu_link_color_active":"","ocean_menu_link_background":"","ocean_menu_link_hover_background":"","ocean_menu_link_active_background":"","ocean_menu_social_links_bg":"","ocean_menu_social_hover_links_bg":"","ocean_menu_social_links_color":"","ocean_menu_social_hover_links_color":"","ocean_disable_title":"on","ocean_disable_heading":"default","ocean_post_title":"","ocean_post_subheading":"","ocean_post_title_style":"","ocean_post_title_background_color":"","ocean_post_title_background":0,"ocean_post_title_bg_image_position":"","ocean_post_title_bg_image_attachment":"","ocean_post_title_bg_image_repeat":"","ocean_post_title_bg_image_size":"","ocean_post_title_height":0,"ocean_post_title_bg_overlay":0.5,"ocean_post_title_bg_overlay_color":"","ocean_disable_breadcrumbs":"default","ocean_breadcrumbs_color":"","ocean_breadcrumbs_separator_color":"","ocean_breadcrumbs_links_color":"","ocean_breadcrumbs_links_hover_color":"","ocean_display_footer_widgets":"off","ocean_display_footer_bottom":"off","ocean_custom_footer_template":"0","footnotes":""},"class_list":["post-4433","page","type-page","status-publish","hentry","entry","owp-thumbs-layout-horizontal","owp-btn-normal","owp-tabs-layout-horizontal","has-no-thumbnails","has-product-nav"],"_links":{"self":[{"href":"http:\/\/lubosmoricky.com\/katalog\/wp-json\/wp\/v2\/pages\/4433","targetHints":{"allow":["GET"]}}],"collection":[{"href":"http:\/\/lubosmoricky.com\/katalog\/wp-json\/wp\/v2\/pages"}],"about":[{"href":"http:\/\/lubosmoricky.com\/katalog\/wp-json\/wp\/v2\/types\/page"}],"author":[{"embeddable":true,"href":"http:\/\/lubosmoricky.com\/katalog\/wp-json\/wp\/v2\/users\/2"}],"replies":[{"embeddable":true,"href":"http:\/\/lubosmoricky.com\/katalog\/wp-json\/wp\/v2\/comments?post=4433"}],"version-history":[{"count":22,"href":"http:\/\/lubosmoricky.com\/katalog\/wp-json\/wp\/v2\/pages\/4433\/revisions"}],"predecessor-version":[{"id":4486,"href":"http:\/\/lubosmoricky.com\/katalog\/wp-json\/wp\/v2\/pages\/4433\/revisions\/4486"}],"wp:attachment":[{"href":"http:\/\/lubosmoricky.com\/katalog\/wp-json\/wp\/v2\/media?parent=4433"}],"curies":[{"name":"wp","href":"https:\/\/api.w.org\/{rel}","templated":true}]}}