{"id":4048,"date":"2024-05-09T22:37:58","date_gmt":"2024-05-09T20:37:58","guid":{"rendered":"http:\/\/lubosmoricky.com\/katalog\/?page_id=4048"},"modified":"2026-04-07T00:38:12","modified_gmt":"2026-04-06T22:38:12","slug":"radios","status":"publish","type":"page","link":"http:\/\/lubosmoricky.com\/katalog\/radios\/","title":{"rendered":"MOTOROLA RADIOS"},"content":{"rendered":"\t\t<div data-elementor-type=\"wp-page\" data-elementor-id=\"4048\" class=\"elementor elementor-4048\" data-elementor-settings=\"[]\">\n\t\t\t\t\t\t\t<div class=\"elementor-section-wrap\">\n\t\t\t\t\t\t\t<section class=\"elementor-section elementor-top-section elementor-element elementor-element-684217b3 elementor-section-boxed elementor-section-height-default elementor-section-height-default\" data-id=\"684217b3\" data-element_type=\"section\" data-settings=\"{&quot;background_background&quot;:&quot;classic&quot;}\">\n\t\t\t\t\t\t<div class=\"elementor-container elementor-column-gap-default\">\n\t\t\t\t\t<div class=\"elementor-column elementor-col-100 elementor-top-column elementor-element elementor-element-79eff9c\" data-id=\"79eff9c\" data-element_type=\"column\">\n\t\t\t<div class=\"elementor-widget-wrap elementor-element-populated\">\n\t\t\t\t\t\t\t\t<div class=\"elementor-element elementor-element-536c712b elementor-widget elementor-widget-heading\" data-id=\"536c712b\" data-element_type=\"widget\" data-widget_type=\"heading.default\">\n\t\t\t\t<div class=\"elementor-widget-container\">\n\t\t\t<h2 class=\"elementor-heading-title elementor-size-large\">MOTOROLA    R2<\/h2>\t\t<\/div>\n\t\t\t\t<\/div>\n\t\t\t\t\t<\/div>\n\t\t<\/div>\n\t\t\t\t\t\t\t<\/div>\n\t\t<\/section>\n\t\t\t\t<section class=\"elementor-section elementor-top-section elementor-element elementor-element-11e156d3 elementor-section-boxed elementor-section-height-default elementor-section-height-default\" data-id=\"11e156d3\" data-element_type=\"section\" data-settings=\"{&quot;background_background&quot;:&quot;classic&quot;}\">\n\t\t\t\t\t\t<div class=\"elementor-container elementor-column-gap-default\">\n\t\t\t\t\t<div class=\"elementor-column elementor-col-66 elementor-top-column elementor-element elementor-element-3f252394\" data-id=\"3f252394\" data-element_type=\"column\">\n\t\t\t<div class=\"elementor-widget-wrap elementor-element-populated\">\n\t\t\t\t\t\t\t\t<div class=\"elementor-element elementor-element-5602af7c elementor-widget elementor-widget-image\" data-id=\"5602af7c\" data-element_type=\"widget\" data-widget_type=\"image.default\">\n\t\t\t\t<div class=\"elementor-widget-container\">\n\t\t\t\t\t\t\t\t\t\t\t\t\t\t\t\t<a href=\"http:\/\/lubosmoricky.com\/katalog\/wp-content\/uploads\/2024\/05\/R2_1.jpg\" data-elementor-open-lightbox=\"yes\" data-elementor-lightbox-slideshow=\"5ad7ad8a\" data-elementor-lightbox-title=\"MOTOROLA  R2\">\n\t\t\t\t\t\t\t<img loading=\"lazy\" decoding=\"async\" width=\"1000\" height=\"667\" src=\"http:\/\/lubosmoricky.com\/katalog\/wp-content\/uploads\/2024\/05\/R2_1.jpg\" class=\"elementor-animation-grow attachment-large size-large\" alt=\"\" srcset=\"http:\/\/lubosmoricky.com\/katalog\/wp-content\/uploads\/2024\/05\/R2_1.jpg 1000w, http:\/\/lubosmoricky.com\/katalog\/wp-content\/uploads\/2024\/05\/R2_1-300x200.jpg 300w, http:\/\/lubosmoricky.com\/katalog\/wp-content\/uploads\/2024\/05\/R2_1-768x512.jpg 768w, http:\/\/lubosmoricky.com\/katalog\/wp-content\/uploads\/2024\/05\/R2_1-600x400.jpg 600w, http:\/\/lubosmoricky.com\/katalog\/wp-content\/uploads\/2024\/05\/R2_1-240x160.jpg 240w\" sizes=\"auto, (max-width: 1000px) 100vw, 1000px\" \/>\t\t\t\t\t\t\t\t<\/a>\n\t\t\t\t\t\t\t\t\t\t\t\t\t\t\t<\/div>\n\t\t\t\t<\/div>\n\t\t\t\t\t<\/div>\n\t\t<\/div>\n\t\t\t\t<div class=\"elementor-column elementor-col-33 elementor-top-column elementor-element elementor-element-3a210c7d\" data-id=\"3a210c7d\" data-element_type=\"column\">\n\t\t\t<div class=\"elementor-widget-wrap elementor-element-populated\">\n\t\t\t\t\t\t\t\t<div class=\"elementor-element elementor-element-5ad7ad8a elementor-widget elementor-widget-image-gallery\" data-id=\"5ad7ad8a\" data-element_type=\"widget\" data-widget_type=\"image-gallery.default\">\n\t\t\t\t<div class=\"elementor-widget-container\">\n\t\t\t\t\t<div class=\"elementor-image-gallery\">\n\t\t\t<div id='gallery-1' class='gallery galleryid-4048 gallery-columns-1 gallery-size-shop_thumbnail'><figure class='gallery-item'>\n\t\t\t<div class='gallery-icon landscape'>\n\t\t\t\t<a data-elementor-open-lightbox=\"yes\" data-elementor-lightbox-slideshow=\"5ad7ad8a\" data-elementor-lightbox-title=\"R2_2\" href='http:\/\/lubosmoricky.com\/katalog\/wp-content\/uploads\/2024\/05\/R2_2.jpg'><img loading=\"lazy\" decoding=\"async\" width=\"100\" height=\"100\" src=\"http:\/\/lubosmoricky.com\/katalog\/wp-content\/uploads\/2024\/05\/R2_2-100x100.jpg\" class=\"attachment-shop_thumbnail size-shop_thumbnail\" alt=\"\" srcset=\"http:\/\/lubosmoricky.com\/katalog\/wp-content\/uploads\/2024\/05\/R2_2-100x100.jpg 100w, http:\/\/lubosmoricky.com\/katalog\/wp-content\/uploads\/2024\/05\/R2_2-150x150.jpg 150w, http:\/\/lubosmoricky.com\/katalog\/wp-content\/uploads\/2024\/05\/R2_2-300x300.jpg 300w\" sizes=\"auto, (max-width: 100px) 100vw, 100px\" \/><\/a>\n\t\t\t<\/div><\/figure><figure class='gallery-item'>\n\t\t\t<div class='gallery-icon landscape'>\n\t\t\t\t<a data-elementor-open-lightbox=\"yes\" data-elementor-lightbox-slideshow=\"5ad7ad8a\" data-elementor-lightbox-title=\"R2_3\" href='http:\/\/lubosmoricky.com\/katalog\/wp-content\/uploads\/2024\/05\/R2_3.jpg'><img loading=\"lazy\" decoding=\"async\" width=\"100\" height=\"100\" src=\"http:\/\/lubosmoricky.com\/katalog\/wp-content\/uploads\/2024\/05\/R2_3-100x100.jpg\" class=\"attachment-shop_thumbnail size-shop_thumbnail\" alt=\"\" srcset=\"http:\/\/lubosmoricky.com\/katalog\/wp-content\/uploads\/2024\/05\/R2_3-100x100.jpg 100w, http:\/\/lubosmoricky.com\/katalog\/wp-content\/uploads\/2024\/05\/R2_3-150x150.jpg 150w, http:\/\/lubosmoricky.com\/katalog\/wp-content\/uploads\/2024\/05\/R2_3-300x300.jpg 300w\" sizes=\"auto, (max-width: 100px) 100vw, 100px\" \/><\/a>\n\t\t\t<\/div><\/figure><figure class='gallery-item'>\n\t\t\t<div class='gallery-icon landscape'>\n\t\t\t\t<a data-elementor-open-lightbox=\"yes\" data-elementor-lightbox-slideshow=\"5ad7ad8a\" data-elementor-lightbox-title=\"R2_4\" href='http:\/\/lubosmoricky.com\/katalog\/wp-content\/uploads\/2024\/05\/R2_4.jpg'><img loading=\"lazy\" decoding=\"async\" width=\"100\" height=\"100\" src=\"http:\/\/lubosmoricky.com\/katalog\/wp-content\/uploads\/2024\/05\/R2_4-100x100.jpg\" class=\"attachment-shop_thumbnail size-shop_thumbnail\" alt=\"\" srcset=\"http:\/\/lubosmoricky.com\/katalog\/wp-content\/uploads\/2024\/05\/R2_4-100x100.jpg 100w, http:\/\/lubosmoricky.com\/katalog\/wp-content\/uploads\/2024\/05\/R2_4-150x150.jpg 150w, http:\/\/lubosmoricky.com\/katalog\/wp-content\/uploads\/2024\/05\/R2_4-300x300.jpg 300w\" sizes=\"auto, (max-width: 100px) 100vw, 100px\" \/><\/a>\n\t\t\t<\/div><\/figure>\n\t\t<\/div>\n\t\t<\/div>\n\t\t\t\t<\/div>\n\t\t\t\t<\/div>\n\t\t\t\t\t<\/div>\n\t\t<\/div>\n\t\t\t\t\t\t\t<\/div>\n\t\t<\/section>\n\t\t\t\t<section class=\"elementor-section elementor-top-section elementor-element elementor-element-271acdc8 elementor-section-boxed elementor-section-height-default elementor-section-height-default\" data-id=\"271acdc8\" data-element_type=\"section\" data-settings=\"{&quot;background_background&quot;:&quot;classic&quot;}\">\n\t\t\t\t\t\t<div class=\"elementor-container elementor-column-gap-default\">\n\t\t\t\t\t<div class=\"elementor-column elementor-col-100 elementor-top-column elementor-element elementor-element-592c47fa\" data-id=\"592c47fa\" data-element_type=\"column\">\n\t\t\t<div class=\"elementor-widget-wrap elementor-element-populated\">\n\t\t\t\t\t\t\t\t<div class=\"elementor-element elementor-element-bb0ca1c elementor-widget elementor-widget-heading\" data-id=\"bb0ca1c\" data-element_type=\"widget\" data-widget_type=\"heading.default\">\n\t\t\t\t<div class=\"elementor-widget-container\">\n\t\t\t<h2 class=\"elementor-heading-title elementor-size-default\">Profesion\u00e1ln\u00ed odleh\u010den\u00e9 UHF vys\u00edla\u010dky. P\u0159\u00edm\u00e1 n\u00e1hrada obl\u00edben\u00fdch model\u016f CP040 a CP1400.<br>Set 6ks v kufru s multinab\u00edje\u010dem. Kompatibiln\u00ed s headsety a nab\u00edje\u010di p\u0159edch\u00e1zej\u00edc\u00edch model\u016f.<\/h2>\t\t<\/div>\n\t\t\t\t<\/div>\n\t\t\t\t\t<\/div>\n\t\t<\/div>\n\t\t\t\t\t\t\t<\/div>\n\t\t<\/section>\n\t\t\t\t<section class=\"elementor-section elementor-top-section elementor-element elementor-element-3f212d26 elementor-section-boxed elementor-section-height-default elementor-section-height-default\" data-id=\"3f212d26\" data-element_type=\"section\" data-settings=\"{&quot;background_background&quot;:&quot;classic&quot;}\">\n\t\t\t\t\t\t<div class=\"elementor-container elementor-column-gap-default\">\n\t\t\t\t\t<div class=\"elementor-column elementor-col-100 elementor-top-column elementor-element elementor-element-3477a8fd\" data-id=\"3477a8fd\" data-element_type=\"column\">\n\t\t\t<div class=\"elementor-widget-wrap elementor-element-populated\">\n\t\t\t\t\t\t\t\t<div class=\"elementor-element elementor-element-7999a4c9 elementor-widget elementor-widget-heading\" data-id=\"7999a4c9\" data-element_type=\"widget\" data-widget_type=\"heading.default\">\n\t\t\t\t<div class=\"elementor-widget-container\">\n\t\t\t<h2 class=\"elementor-heading-title elementor-size-small\">ANALOG, 16 kan\u00e1l\u016f, V\u00fdkon 4W, V\u00e1ha 280g, a\u017e 20h provozu, kryt\u00ed IP55, 18ks<\/h2>\t\t<\/div>\n\t\t\t\t<\/div>\n\t\t\t\t\t<\/div>\n\t\t<\/div>\n\t\t\t\t\t\t\t<\/div>\n\t\t<\/section>\n\t\t\t\t\t\t<\/div>\n\t\t\t\t\t<\/div>\n\t\t","protected":false},"excerpt":{"rendered":"<p>MOTOROLA R2 Profesion\u00e1ln\u00ed odleh\u010den\u00e9 UHF vys\u00edla\u010dky. P\u0159\u00edm\u00e1 n\u00e1hrada obl\u00edben\u00fdch model\u016f CP040 a CP1400.Set 6ks v kufru s multinab\u00edje\u010dem. Kompatibiln\u00ed s headsety a nab\u00edje\u010di p\u0159edch\u00e1zej\u00edc\u00edch model\u016f. ANALOG, 16 kan\u00e1l\u016f, V\u00fdkon 4W, V\u00e1ha 280g, a\u017e 20h provozu, kryt\u00ed IP55, 18ks<\/p>\n","protected":false},"author":2,"featured_media":0,"parent":0,"menu_order":0,"comment_status":"closed","ping_status":"closed","template":"","meta":{"pgc_sgb_lightbox_settings":"","ngg_post_thumbnail":0,"ocean_post_layout":"full-screen","ocean_both_sidebars_style":"","ocean_both_sidebars_content_width":0,"ocean_both_sidebars_sidebars_width":0,"ocean_sidebar":"0","ocean_second_sidebar":"0","ocean_disable_margins":"enable","ocean_add_body_class":"","ocean_shortcode_before_top_bar":"","ocean_shortcode_after_top_bar":"","ocean_shortcode_before_header":"","ocean_shortcode_after_header":"","ocean_has_shortcode":"","ocean_shortcode_after_title":"","ocean_shortcode_before_footer_widgets":"","ocean_shortcode_after_footer_widgets":"","ocean_shortcode_before_footer_bottom":"","ocean_shortcode_after_footer_bottom":"","ocean_display_top_bar":"off","ocean_display_header":"default","ocean_header_style":"","ocean_center_header_left_menu":"0","ocean_custom_header_template":"0","ocean_custom_logo":0,"ocean_custom_retina_logo":0,"ocean_custom_logo_max_width":0,"ocean_custom_logo_tablet_max_width":0,"ocean_custom_logo_mobile_max_width":0,"ocean_custom_logo_max_height":0,"ocean_custom_logo_tablet_max_height":0,"ocean_custom_logo_mobile_max_height":0,"ocean_header_custom_menu":"0","ocean_menu_typo_font_family":"0","ocean_menu_typo_font_subset":"","ocean_menu_typo_font_size":0,"ocean_menu_typo_font_size_tablet":0,"ocean_menu_typo_font_size_mobile":0,"ocean_menu_typo_font_size_unit":"px","ocean_menu_typo_font_weight":"","ocean_menu_typo_font_weight_tablet":"","ocean_menu_typo_font_weight_mobile":"","ocean_menu_typo_transform":"","ocean_menu_typo_transform_tablet":"","ocean_menu_typo_transform_mobile":"","ocean_menu_typo_line_height":0,"ocean_menu_typo_line_height_tablet":0,"ocean_menu_typo_line_height_mobile":0,"ocean_menu_typo_line_height_unit":"","ocean_menu_typo_spacing":0,"ocean_menu_typo_spacing_tablet":0,"ocean_menu_typo_spacing_mobile":0,"ocean_menu_typo_spacing_unit":"","ocean_menu_link_color":"","ocean_menu_link_color_hover":"","ocean_menu_link_color_active":"","ocean_menu_link_background":"","ocean_menu_link_hover_background":"","ocean_menu_link_active_background":"","ocean_menu_social_links_bg":"","ocean_menu_social_hover_links_bg":"","ocean_menu_social_links_color":"","ocean_menu_social_hover_links_color":"","ocean_disable_title":"on","ocean_disable_heading":"default","ocean_post_title":"","ocean_post_subheading":"","ocean_post_title_style":"","ocean_post_title_background_color":"","ocean_post_title_background":0,"ocean_post_title_bg_image_position":"","ocean_post_title_bg_image_attachment":"","ocean_post_title_bg_image_repeat":"","ocean_post_title_bg_image_size":"","ocean_post_title_height":0,"ocean_post_title_bg_overlay":0.5,"ocean_post_title_bg_overlay_color":"","ocean_disable_breadcrumbs":"default","ocean_breadcrumbs_color":"","ocean_breadcrumbs_separator_color":"","ocean_breadcrumbs_links_color":"","ocean_breadcrumbs_links_hover_color":"","ocean_display_footer_widgets":"off","ocean_display_footer_bottom":"off","ocean_custom_footer_template":"0","footnotes":""},"class_list":["post-4048","page","type-page","status-publish","hentry","entry","owp-thumbs-layout-horizontal","owp-btn-normal","owp-tabs-layout-horizontal","has-no-thumbnails","has-product-nav"],"_links":{"self":[{"href":"http:\/\/lubosmoricky.com\/katalog\/wp-json\/wp\/v2\/pages\/4048","targetHints":{"allow":["GET"]}}],"collection":[{"href":"http:\/\/lubosmoricky.com\/katalog\/wp-json\/wp\/v2\/pages"}],"about":[{"href":"http:\/\/lubosmoricky.com\/katalog\/wp-json\/wp\/v2\/types\/page"}],"author":[{"embeddable":true,"href":"http:\/\/lubosmoricky.com\/katalog\/wp-json\/wp\/v2\/users\/2"}],"replies":[{"embeddable":true,"href":"http:\/\/lubosmoricky.com\/katalog\/wp-json\/wp\/v2\/comments?post=4048"}],"version-history":[{"count":34,"href":"http:\/\/lubosmoricky.com\/katalog\/wp-json\/wp\/v2\/pages\/4048\/revisions"}],"predecessor-version":[{"id":5582,"href":"http:\/\/lubosmoricky.com\/katalog\/wp-json\/wp\/v2\/pages\/4048\/revisions\/5582"}],"wp:attachment":[{"href":"http:\/\/lubosmoricky.com\/katalog\/wp-json\/wp\/v2\/media?parent=4048"}],"curies":[{"name":"wp","href":"https:\/\/api.w.org\/{rel}","templated":true}]}}