{"id":3503,"date":"2022-12-08T18:13:35","date_gmt":"2022-12-08T17:13:35","guid":{"rendered":"http:\/\/lubosmoricky.com\/katalog\/?page_id=3503"},"modified":"2023-05-18T23:54:11","modified_gmt":"2023-05-18T21:54:11","slug":"kino-flo-air-max","status":"publish","type":"page","link":"http:\/\/lubosmoricky.com\/katalog\/kino-flo-air-max\/","title":{"rendered":"KINO FLO &#8211; AIR MAX"},"content":{"rendered":"\t\t<div data-elementor-type=\"wp-page\" data-elementor-id=\"3503\" class=\"elementor elementor-3503\" data-elementor-settings=\"[]\">\n\t\t\t\t\t\t\t<div class=\"elementor-section-wrap\">\n\t\t\t\t\t\t\t<section class=\"elementor-section elementor-top-section elementor-element elementor-element-197fecd4 elementor-section-boxed elementor-section-height-default elementor-section-height-default\" data-id=\"197fecd4\" data-element_type=\"section\" data-settings=\"{&quot;background_background&quot;:&quot;classic&quot;}\">\n\t\t\t\t\t\t<div class=\"elementor-container elementor-column-gap-default\">\n\t\t\t\t\t<div class=\"elementor-column elementor-col-100 elementor-top-column elementor-element elementor-element-1d514687\" data-id=\"1d514687\" data-element_type=\"column\">\n\t\t\t<div class=\"elementor-widget-wrap elementor-element-populated\">\n\t\t\t\t\t\t\t\t<div class=\"elementor-element elementor-element-492f7d79 elementor-widget elementor-widget-heading\" data-id=\"492f7d79\" data-element_type=\"widget\" data-widget_type=\"heading.default\">\n\t\t\t\t<div class=\"elementor-widget-container\">\n\t\t\t<h2 class=\"elementor-heading-title elementor-size-large\">KINO FLO - AIR MAX<\/h2>\t\t<\/div>\n\t\t\t\t<\/div>\n\t\t\t\t\t<\/div>\n\t\t<\/div>\n\t\t\t\t\t\t\t<\/div>\n\t\t<\/section>\n\t\t\t\t<section class=\"elementor-section elementor-top-section elementor-element elementor-element-4947e861 elementor-section-boxed elementor-section-height-default elementor-section-height-default\" data-id=\"4947e861\" data-element_type=\"section\" data-settings=\"{&quot;background_background&quot;:&quot;classic&quot;}\">\n\t\t\t\t\t\t<div class=\"elementor-container elementor-column-gap-default\">\n\t\t\t\t\t<div class=\"elementor-column elementor-col-66 elementor-top-column elementor-element elementor-element-5a9838e4\" data-id=\"5a9838e4\" data-element_type=\"column\">\n\t\t\t<div class=\"elementor-widget-wrap elementor-element-populated\">\n\t\t\t\t\t\t\t\t<div class=\"elementor-element elementor-element-77576b73 elementor-widget elementor-widget-image\" data-id=\"77576b73\" data-element_type=\"widget\" data-widget_type=\"image.default\">\n\t\t\t\t<div class=\"elementor-widget-container\">\n\t\t\t\t\t\t\t\t\t\t\t\t\t\t\t\t<a href=\"http:\/\/lubosmoricky.com\/katalog\/wp-content\/uploads\/2023\/03\/05.jpg\" data-elementor-open-lightbox=\"yes\" data-elementor-lightbox-slideshow=\"14c58c1b\" data-elementor-lightbox-title=\"air_max_1\">\n\t\t\t\t\t\t\t<img loading=\"lazy\" decoding=\"async\" width=\"1000\" height=\"668\" src=\"http:\/\/lubosmoricky.com\/katalog\/wp-content\/uploads\/2023\/03\/05.jpg\" class=\"elementor-animation-grow attachment-large size-large\" alt=\"\" srcset=\"http:\/\/lubosmoricky.com\/katalog\/wp-content\/uploads\/2023\/03\/05.jpg 1000w, http:\/\/lubosmoricky.com\/katalog\/wp-content\/uploads\/2023\/03\/05-300x200.jpg 300w, http:\/\/lubosmoricky.com\/katalog\/wp-content\/uploads\/2023\/03\/05-768x513.jpg 768w, http:\/\/lubosmoricky.com\/katalog\/wp-content\/uploads\/2023\/03\/05-600x401.jpg 600w, http:\/\/lubosmoricky.com\/katalog\/wp-content\/uploads\/2023\/03\/05-240x160.jpg 240w\" sizes=\"auto, (max-width: 1000px) 100vw, 1000px\" \/>\t\t\t\t\t\t\t\t<\/a>\n\t\t\t\t\t\t\t\t\t\t\t\t\t\t\t<\/div>\n\t\t\t\t<\/div>\n\t\t\t\t\t<\/div>\n\t\t<\/div>\n\t\t\t\t<div class=\"elementor-column elementor-col-33 elementor-top-column elementor-element elementor-element-5d6d6c77\" data-id=\"5d6d6c77\" data-element_type=\"column\">\n\t\t\t<div class=\"elementor-widget-wrap elementor-element-populated\">\n\t\t\t\t\t\t\t\t<div class=\"elementor-element elementor-element-14c58c1b elementor-widget elementor-widget-image-gallery\" data-id=\"14c58c1b\" data-element_type=\"widget\" data-widget_type=\"image-gallery.default\">\n\t\t\t\t<div class=\"elementor-widget-container\">\n\t\t\t\t\t<div class=\"elementor-image-gallery\">\n\t\t\t<div id='gallery-1' class='gallery galleryid-3503 gallery-columns-1 gallery-size-shop_thumbnail'><figure class='gallery-item'>\n\t\t\t<div class='gallery-icon landscape'>\n\t\t\t\t<a data-elementor-open-lightbox=\"yes\" data-elementor-lightbox-slideshow=\"14c58c1b\" data-elementor-lightbox-title=\"02\" href='http:\/\/lubosmoricky.com\/katalog\/wp-content\/uploads\/2023\/03\/02.jpg'><img loading=\"lazy\" decoding=\"async\" width=\"100\" height=\"100\" src=\"http:\/\/lubosmoricky.com\/katalog\/wp-content\/uploads\/2023\/03\/02-100x100.jpg\" class=\"attachment-shop_thumbnail size-shop_thumbnail\" alt=\"\" srcset=\"http:\/\/lubosmoricky.com\/katalog\/wp-content\/uploads\/2023\/03\/02-100x100.jpg 100w, http:\/\/lubosmoricky.com\/katalog\/wp-content\/uploads\/2023\/03\/02-150x150.jpg 150w, http:\/\/lubosmoricky.com\/katalog\/wp-content\/uploads\/2023\/03\/02-300x300.jpg 300w\" sizes=\"auto, (max-width: 100px) 100vw, 100px\" \/><\/a>\n\t\t\t<\/div><\/figure><figure class='gallery-item'>\n\t\t\t<div class='gallery-icon landscape'>\n\t\t\t\t<a data-elementor-open-lightbox=\"yes\" data-elementor-lightbox-slideshow=\"14c58c1b\" data-elementor-lightbox-title=\"03\" href='http:\/\/lubosmoricky.com\/katalog\/wp-content\/uploads\/2023\/03\/03.jpg'><img loading=\"lazy\" decoding=\"async\" width=\"100\" height=\"100\" src=\"http:\/\/lubosmoricky.com\/katalog\/wp-content\/uploads\/2023\/03\/03-100x100.jpg\" class=\"attachment-shop_thumbnail size-shop_thumbnail\" alt=\"\" srcset=\"http:\/\/lubosmoricky.com\/katalog\/wp-content\/uploads\/2023\/03\/03-100x100.jpg 100w, http:\/\/lubosmoricky.com\/katalog\/wp-content\/uploads\/2023\/03\/03-150x150.jpg 150w, http:\/\/lubosmoricky.com\/katalog\/wp-content\/uploads\/2023\/03\/03-300x300.jpg 300w\" sizes=\"auto, (max-width: 100px) 100vw, 100px\" \/><\/a>\n\t\t\t<\/div><\/figure><figure class='gallery-item'>\n\t\t\t<div class='gallery-icon landscape'>\n\t\t\t\t<a data-elementor-open-lightbox=\"yes\" data-elementor-lightbox-slideshow=\"14c58c1b\" data-elementor-lightbox-title=\"04\" href='http:\/\/lubosmoricky.com\/katalog\/wp-content\/uploads\/2023\/03\/04.jpg'><img loading=\"lazy\" decoding=\"async\" width=\"100\" height=\"100\" src=\"http:\/\/lubosmoricky.com\/katalog\/wp-content\/uploads\/2023\/03\/04-100x100.jpg\" class=\"attachment-shop_thumbnail size-shop_thumbnail\" alt=\"\" srcset=\"http:\/\/lubosmoricky.com\/katalog\/wp-content\/uploads\/2023\/03\/04-100x100.jpg 100w, http:\/\/lubosmoricky.com\/katalog\/wp-content\/uploads\/2023\/03\/04-150x150.jpg 150w, http:\/\/lubosmoricky.com\/katalog\/wp-content\/uploads\/2023\/03\/04-300x300.jpg 300w\" sizes=\"auto, (max-width: 100px) 100vw, 100px\" \/><\/a>\n\t\t\t<\/div><\/figure><figure class='gallery-item'>\n\t\t\t<div class='gallery-icon landscape'>\n\t\t\t\t<a data-elementor-open-lightbox=\"yes\" data-elementor-lightbox-slideshow=\"14c58c1b\" data-elementor-lightbox-title=\"05\" href='http:\/\/lubosmoricky.com\/katalog\/wp-content\/uploads\/2023\/03\/05.jpg'><img loading=\"lazy\" decoding=\"async\" width=\"100\" height=\"100\" src=\"http:\/\/lubosmoricky.com\/katalog\/wp-content\/uploads\/2023\/03\/05-100x100.jpg\" class=\"attachment-shop_thumbnail size-shop_thumbnail\" alt=\"\" srcset=\"http:\/\/lubosmoricky.com\/katalog\/wp-content\/uploads\/2023\/03\/05-100x100.jpg 100w, http:\/\/lubosmoricky.com\/katalog\/wp-content\/uploads\/2023\/03\/05-150x150.jpg 150w, http:\/\/lubosmoricky.com\/katalog\/wp-content\/uploads\/2023\/03\/05-300x300.jpg 300w\" sizes=\"auto, (max-width: 100px) 100vw, 100px\" \/><\/a>\n\t\t\t<\/div><\/figure><figure class='gallery-item'>\n\t\t\t<div class='gallery-icon landscape'>\n\t\t\t\t<a data-elementor-open-lightbox=\"yes\" data-elementor-lightbox-slideshow=\"14c58c1b\" data-elementor-lightbox-title=\"06\" href='http:\/\/lubosmoricky.com\/katalog\/wp-content\/uploads\/2023\/03\/06.jpg'><img loading=\"lazy\" decoding=\"async\" width=\"100\" height=\"100\" src=\"http:\/\/lubosmoricky.com\/katalog\/wp-content\/uploads\/2023\/03\/06-100x100.jpg\" class=\"attachment-shop_thumbnail size-shop_thumbnail\" alt=\"\" srcset=\"http:\/\/lubosmoricky.com\/katalog\/wp-content\/uploads\/2023\/03\/06-100x100.jpg 100w, http:\/\/lubosmoricky.com\/katalog\/wp-content\/uploads\/2023\/03\/06-150x150.jpg 150w, http:\/\/lubosmoricky.com\/katalog\/wp-content\/uploads\/2023\/03\/06-300x300.jpg 300w\" sizes=\"auto, (max-width: 100px) 100vw, 100px\" \/><\/a>\n\t\t\t<\/div><\/figure>\n\t\t<\/div>\n\t\t<\/div>\n\t\t\t\t<\/div>\n\t\t\t\t<\/div>\n\t\t\t\t\t<\/div>\n\t\t<\/div>\n\t\t\t\t\t\t\t<\/div>\n\t\t<\/section>\n\t\t\t\t<section class=\"elementor-section elementor-top-section elementor-element elementor-element-76878a83 elementor-section-boxed elementor-section-height-default elementor-section-height-default\" data-id=\"76878a83\" data-element_type=\"section\" data-settings=\"{&quot;background_background&quot;:&quot;classic&quot;}\">\n\t\t\t\t\t\t<div class=\"elementor-container elementor-column-gap-default\">\n\t\t\t\t\t<div class=\"elementor-column elementor-col-100 elementor-top-column elementor-element elementor-element-dbb38c7\" data-id=\"dbb38c7\" data-element_type=\"column\">\n\t\t\t<div class=\"elementor-widget-wrap elementor-element-populated\">\n\t\t\t\t\t\t\t\t<div class=\"elementor-element elementor-element-5cfc9485 elementor-widget elementor-widget-heading\" data-id=\"5cfc9485\" data-element_type=\"widget\" data-widget_type=\"heading.default\">\n\t\t\t\t<div class=\"elementor-widget-container\">\n\t\t\t<h2 class=\"elementor-heading-title elementor-size-default\">Velkoplo\u0161n\u00fd odleh\u010den\u00fd panel. Vysok\u00fd v\u00fdkon a skv\u011bl\u00e9 barevn\u00e9 pod\u00e1n\u00ed, pln\u00e9 RGB, rozsah whitebalance 2500-9900K, efekty, bezdr\u00e1tov\u00e9 DMX , pasivn\u00ed chlazen\u00ed, \u0161t\u00edhl\u00e1 konstrukce.<\/h2>\t\t<\/div>\n\t\t\t\t<\/div>\n\t\t\t\t\t<\/div>\n\t\t<\/div>\n\t\t\t\t\t\t\t<\/div>\n\t\t<\/section>\n\t\t\t\t<section class=\"elementor-section elementor-top-section elementor-element elementor-element-38db6840 elementor-section-boxed elementor-section-height-default elementor-section-height-default\" data-id=\"38db6840\" data-element_type=\"section\" data-settings=\"{&quot;background_background&quot;:&quot;classic&quot;}\">\n\t\t\t\t\t\t<div class=\"elementor-container elementor-column-gap-default\">\n\t\t\t\t\t<div class=\"elementor-column elementor-col-100 elementor-top-column elementor-element elementor-element-4e57b8ba\" data-id=\"4e57b8ba\" data-element_type=\"column\">\n\t\t\t<div class=\"elementor-widget-wrap elementor-element-populated\">\n\t\t\t\t\t\t\t\t<div class=\"elementor-element elementor-element-6e913feb elementor-widget elementor-widget-heading\" data-id=\"6e913feb\" data-element_type=\"widget\" data-widget_type=\"heading.default\">\n\t\t\t\t<div class=\"elementor-widget-container\">\n\t\t\t<h2 class=\"elementor-heading-title elementor-size-small\">P\u0159\u00edkon 175W, rozm\u011bry bez snapboxu 100x56cm, CRMX<\/h2>\t\t<\/div>\n\t\t\t\t<\/div>\n\t\t\t\t\t<\/div>\n\t\t<\/div>\n\t\t\t\t\t\t\t<\/div>\n\t\t<\/section>\n\t\t\t\t<section class=\"elementor-section elementor-top-section elementor-element elementor-element-27cad6d6 elementor-section-boxed elementor-section-height-default elementor-section-height-default\" data-id=\"27cad6d6\" data-element_type=\"section\">\n\t\t\t\t\t\t<div class=\"elementor-container elementor-column-gap-default\">\n\t\t\t\t\t<div class=\"elementor-column elementor-col-100 elementor-top-column elementor-element elementor-element-3147b12f\" data-id=\"3147b12f\" data-element_type=\"column\">\n\t\t\t<div class=\"elementor-widget-wrap elementor-element-populated\">\n\t\t\t\t\t\t\t\t<div class=\"elementor-element elementor-element-2c1a7c9a elementor-widget elementor-widget-spacer\" data-id=\"2c1a7c9a\" data-element_type=\"widget\" data-widget_type=\"spacer.default\">\n\t\t\t\t<div class=\"elementor-widget-container\">\n\t\t\t\t\t<div class=\"elementor-spacer\">\n\t\t\t<div class=\"elementor-spacer-inner\"><\/div>\n\t\t<\/div>\n\t\t\t\t<\/div>\n\t\t\t\t<\/div>\n\t\t\t\t\t<\/div>\n\t\t<\/div>\n\t\t\t\t\t\t\t<\/div>\n\t\t<\/section>\n\t\t\t\t<section class=\"elementor-section elementor-top-section elementor-element elementor-element-435cea8 elementor-section-boxed elementor-section-height-default elementor-section-height-default\" data-id=\"435cea8\" data-element_type=\"section\">\n\t\t\t\t\t\t<div class=\"elementor-container elementor-column-gap-default\">\n\t\t\t\t\t<div class=\"elementor-column elementor-col-100 elementor-top-column elementor-element elementor-element-18497391\" data-id=\"18497391\" data-element_type=\"column\">\n\t\t\t<div class=\"elementor-widget-wrap elementor-element-populated\">\n\t\t\t\t\t\t\t\t<div class=\"elementor-element elementor-element-410c82f0 elementor-widget elementor-widget-heading\" data-id=\"410c82f0\" data-element_type=\"widget\" data-widget_type=\"heading.default\">\n\t\t\t\t<div class=\"elementor-widget-container\">\n\t\t\t<h2 class=\"elementor-heading-title elementor-size-default\">Rozm\u011br dopchoice SNAPBOXU 110x60cm, v\u00fdpln\u011b: magic cloth a 1\/2 grid, SNAPGRID 40\u00b0<\/h2>\t\t<\/div>\n\t\t\t\t<\/div>\n\t\t\t\t\t<\/div>\n\t\t<\/div>\n\t\t\t\t\t\t\t<\/div>\n\t\t<\/section>\n\t\t\t\t\t\t<\/div>\n\t\t\t\t\t<\/div>\n\t\t","protected":false},"excerpt":{"rendered":"<p>KINO FLO &#8211; AIR MAX Velkoplo\u0161n\u00fd odleh\u010den\u00fd panel. Vysok\u00fd v\u00fdkon a skv\u011bl\u00e9 barevn\u00e9 pod\u00e1n\u00ed, pln\u00e9 RGB, rozsah whitebalance 2500-9900K, efekty, bezdr\u00e1tov\u00e9 DMX , pasivn\u00ed chlazen\u00ed, \u0161t\u00edhl\u00e1 konstrukce. P\u0159\u00edkon 175W, rozm\u011bry bez snapboxu 100x56cm, CRMX Rozm\u011br dopchoice SNAPBOXU 110x60cm, v\u00fdpln\u011b: magic cloth a 1\/2 grid, SNAPGRID 40\u00b0<\/p>\n","protected":false},"author":2,"featured_media":0,"parent":0,"menu_order":0,"comment_status":"closed","ping_status":"closed","template":"elementor_header_footer","meta":{"pgc_sgb_lightbox_settings":"","ngg_post_thumbnail":0,"ocean_post_layout":"","ocean_both_sidebars_style":"","ocean_both_sidebars_content_width":0,"ocean_both_sidebars_sidebars_width":0,"ocean_sidebar":"0","ocean_second_sidebar":"0","ocean_disable_margins":"on","ocean_add_body_class":"","ocean_shortcode_before_top_bar":"","ocean_shortcode_after_top_bar":"","ocean_shortcode_before_header":"","ocean_shortcode_after_header":"","ocean_has_shortcode":"","ocean_shortcode_after_title":"","ocean_shortcode_before_footer_widgets":"","ocean_shortcode_after_footer_widgets":"","ocean_shortcode_before_footer_bottom":"","ocean_shortcode_after_footer_bottom":"","ocean_display_top_bar":"off","ocean_display_header":"default","ocean_header_style":"","ocean_center_header_left_menu":"0","ocean_custom_header_template":"0","ocean_custom_logo":0,"ocean_custom_retina_logo":0,"ocean_custom_logo_max_width":0,"ocean_custom_logo_tablet_max_width":0,"ocean_custom_logo_mobile_max_width":0,"ocean_custom_logo_max_height":0,"ocean_custom_logo_tablet_max_height":0,"ocean_custom_logo_mobile_max_height":0,"ocean_header_custom_menu":"0","ocean_menu_typo_font_family":"0","ocean_menu_typo_font_subset":"","ocean_menu_typo_font_size":0,"ocean_menu_typo_font_size_tablet":0,"ocean_menu_typo_font_size_mobile":0,"ocean_menu_typo_font_size_unit":"px","ocean_menu_typo_font_weight":"","ocean_menu_typo_font_weight_tablet":"","ocean_menu_typo_font_weight_mobile":"","ocean_menu_typo_transform":"","ocean_menu_typo_transform_tablet":"","ocean_menu_typo_transform_mobile":"","ocean_menu_typo_line_height":0,"ocean_menu_typo_line_height_tablet":0,"ocean_menu_typo_line_height_mobile":0,"ocean_menu_typo_line_height_unit":"","ocean_menu_typo_spacing":0,"ocean_menu_typo_spacing_tablet":0,"ocean_menu_typo_spacing_mobile":0,"ocean_menu_typo_spacing_unit":"","ocean_menu_link_color":"","ocean_menu_link_color_hover":"","ocean_menu_link_color_active":"","ocean_menu_link_background":"","ocean_menu_link_hover_background":"","ocean_menu_link_active_background":"","ocean_menu_social_links_bg":"","ocean_menu_social_hover_links_bg":"","ocean_menu_social_links_color":"","ocean_menu_social_hover_links_color":"","ocean_disable_title":"on","ocean_disable_heading":"default","ocean_post_title":"","ocean_post_subheading":"","ocean_post_title_style":"","ocean_post_title_background_color":"","ocean_post_title_background":0,"ocean_post_title_bg_image_position":"","ocean_post_title_bg_image_attachment":"","ocean_post_title_bg_image_repeat":"","ocean_post_title_bg_image_size":"","ocean_post_title_height":0,"ocean_post_title_bg_overlay":0.5,"ocean_post_title_bg_overlay_color":"","ocean_disable_breadcrumbs":"default","ocean_breadcrumbs_color":"","ocean_breadcrumbs_separator_color":"","ocean_breadcrumbs_links_color":"","ocean_breadcrumbs_links_hover_color":"","ocean_display_footer_widgets":"off","ocean_display_footer_bottom":"off","ocean_custom_footer_template":"0","footnotes":""},"class_list":["post-3503","page","type-page","status-publish","hentry","entry","owp-thumbs-layout-horizontal","owp-btn-normal","owp-tabs-layout-horizontal","has-no-thumbnails","has-product-nav"],"_links":{"self":[{"href":"http:\/\/lubosmoricky.com\/katalog\/wp-json\/wp\/v2\/pages\/3503","targetHints":{"allow":["GET"]}}],"collection":[{"href":"http:\/\/lubosmoricky.com\/katalog\/wp-json\/wp\/v2\/pages"}],"about":[{"href":"http:\/\/lubosmoricky.com\/katalog\/wp-json\/wp\/v2\/types\/page"}],"author":[{"embeddable":true,"href":"http:\/\/lubosmoricky.com\/katalog\/wp-json\/wp\/v2\/users\/2"}],"replies":[{"embeddable":true,"href":"http:\/\/lubosmoricky.com\/katalog\/wp-json\/wp\/v2\/comments?post=3503"}],"version-history":[{"count":37,"href":"http:\/\/lubosmoricky.com\/katalog\/wp-json\/wp\/v2\/pages\/3503\/revisions"}],"predecessor-version":[{"id":3694,"href":"http:\/\/lubosmoricky.com\/katalog\/wp-json\/wp\/v2\/pages\/3503\/revisions\/3694"}],"wp:attachment":[{"href":"http:\/\/lubosmoricky.com\/katalog\/wp-json\/wp\/v2\/media?parent=3503"}],"curies":[{"name":"wp","href":"https:\/\/api.w.org\/{rel}","templated":true}]}}