{"id":2793,"date":"2022-01-04T15:32:21","date_gmt":"2022-01-04T14:32:21","guid":{"rendered":"http:\/\/lubosmoricky.com\/katalog\/?page_id=2793"},"modified":"2022-01-04T15:45:48","modified_gmt":"2022-01-04T14:45:48","slug":"doprava","status":"publish","type":"page","link":"http:\/\/lubosmoricky.com\/katalog\/doprava\/","title":{"rendered":"DOPRAVA"},"content":{"rendered":"\t\t<div data-elementor-type=\"wp-page\" data-elementor-id=\"2793\" class=\"elementor elementor-2793\" data-elementor-settings=\"[]\">\n\t\t\t\t\t\t\t<div class=\"elementor-section-wrap\">\n\t\t\t\t\t\t\t<section class=\"elementor-section elementor-top-section elementor-element elementor-element-34632d51 elementor-section-boxed elementor-section-height-default elementor-section-height-default\" data-id=\"34632d51\" data-element_type=\"section\">\n\t\t\t\t\t\t<div class=\"elementor-container elementor-column-gap-default\">\n\t\t\t\t\t<div class=\"elementor-column elementor-col-100 elementor-top-column elementor-element elementor-element-62eb0d95\" data-id=\"62eb0d95\" data-element_type=\"column\">\n\t\t\t<div class=\"elementor-widget-wrap elementor-element-populated\">\n\t\t\t\t\t\t\t\t<div class=\"elementor-element elementor-element-52792780 elementor-widget elementor-widget-heading\" data-id=\"52792780\" data-element_type=\"widget\" data-widget_type=\"heading.default\">\n\t\t\t\t<div class=\"elementor-widget-container\">\n\t\t\t<h2 class=\"elementor-heading-title elementor-size-large\">DOPRAVA<\/h2>\t\t<\/div>\n\t\t\t\t<\/div>\n\t\t\t\t\t<\/div>\n\t\t<\/div>\n\t\t\t\t\t\t\t<\/div>\n\t\t<\/section>\n\t\t\t\t<section class=\"elementor-section elementor-top-section elementor-element elementor-element-1759149e elementor-section-boxed elementor-section-height-default elementor-section-height-default\" data-id=\"1759149e\" data-element_type=\"section\">\n\t\t\t\t\t\t<div class=\"elementor-container elementor-column-gap-default\">\n\t\t\t\t\t<div class=\"elementor-column elementor-col-100 elementor-top-column elementor-element elementor-element-4a33a0bd\" data-id=\"4a33a0bd\" data-element_type=\"column\">\n\t\t\t<div class=\"elementor-widget-wrap elementor-element-populated\">\n\t\t\t\t\t\t\t\t<div class=\"elementor-element elementor-element-30b24f66 elementor-widget elementor-widget-spacer\" data-id=\"30b24f66\" data-element_type=\"widget\" data-widget_type=\"spacer.default\">\n\t\t\t\t<div class=\"elementor-widget-container\">\n\t\t\t\t\t<div class=\"elementor-spacer\">\n\t\t\t<div class=\"elementor-spacer-inner\"><\/div>\n\t\t<\/div>\n\t\t\t\t<\/div>\n\t\t\t\t<\/div>\n\t\t\t\t\t<\/div>\n\t\t<\/div>\n\t\t\t\t\t\t\t<\/div>\n\t\t<\/section>\n\t\t\t\t<section class=\"elementor-section elementor-top-section elementor-element elementor-element-2567ac9 elementor-section-boxed elementor-section-height-default elementor-section-height-default\" data-id=\"2567ac9\" data-element_type=\"section\">\n\t\t\t\t\t\t<div class=\"elementor-container elementor-column-gap-default\">\n\t\t\t\t\t<div class=\"elementor-column elementor-col-100 elementor-top-column elementor-element elementor-element-2a27ff7f\" data-id=\"2a27ff7f\" data-element_type=\"column\">\n\t\t\t<div class=\"elementor-widget-wrap elementor-element-populated\">\n\t\t\t\t\t\t\t\t<div class=\"elementor-element elementor-element-5ff64049 elementor-widget elementor-widget-heading\" data-id=\"5ff64049\" data-element_type=\"widget\" data-widget_type=\"heading.default\">\n\t\t\t\t<div class=\"elementor-widget-container\">\n\t\t\t<h2 class=\"elementor-heading-title elementor-size-large\">IVECO DAILY 35S13<\/h2>\t\t<\/div>\n\t\t\t\t<\/div>\n\t\t\t\t\t<\/div>\n\t\t<\/div>\n\t\t\t\t\t\t\t<\/div>\n\t\t<\/section>\n\t\t\t\t<section class=\"elementor-section elementor-top-section elementor-element elementor-element-e8a6aeb elementor-section-boxed elementor-section-height-default elementor-section-height-default\" data-id=\"e8a6aeb\" data-element_type=\"section\">\n\t\t\t\t\t\t<div class=\"elementor-container elementor-column-gap-default\">\n\t\t\t\t\t<div class=\"elementor-column elementor-col-100 elementor-top-column elementor-element elementor-element-731715a5\" data-id=\"731715a5\" data-element_type=\"column\">\n\t\t\t<div class=\"elementor-widget-wrap elementor-element-populated\">\n\t\t\t\t\t\t\t\t<div class=\"elementor-element elementor-element-6d9e822 elementor-widget elementor-widget-heading\" data-id=\"6d9e822\" data-element_type=\"widget\" data-widget_type=\"heading.default\">\n\t\t\t\t<div class=\"elementor-widget-container\">\n\t\t\t<h2 class=\"elementor-heading-title elementor-size-default\">Osv\u011btlovac\u00ed v\u016fz se standardn\u00edm vybaven\u00edm: floppy, r\u00e1my, polyboards, sandbagy, \u017eeb\u0159\u00edky, el. rozvody.,<\/h2>\t\t<\/div>\n\t\t\t\t<\/div>\n\t\t\t\t<div class=\"elementor-element elementor-element-0014e1a elementor-widget elementor-widget-image\" data-id=\"0014e1a\" data-element_type=\"widget\" data-widget_type=\"image.default\">\n\t\t\t\t<div class=\"elementor-widget-container\">\n\t\t\t\t\t\t\t\t\t\t\t\t\t\t\t<img loading=\"lazy\" decoding=\"async\" width=\"1000\" height=\"667\" src=\"http:\/\/lubosmoricky.com\/katalog\/wp-content\/uploads\/2022\/01\/119954550_10219842699272061_5622092839239790385_n.jpg\" class=\"attachment-full size-full\" alt=\"\" srcset=\"http:\/\/lubosmoricky.com\/katalog\/wp-content\/uploads\/2022\/01\/119954550_10219842699272061_5622092839239790385_n.jpg 1000w, http:\/\/lubosmoricky.com\/katalog\/wp-content\/uploads\/2022\/01\/119954550_10219842699272061_5622092839239790385_n-300x200.jpg 300w, http:\/\/lubosmoricky.com\/katalog\/wp-content\/uploads\/2022\/01\/119954550_10219842699272061_5622092839239790385_n-768x512.jpg 768w, http:\/\/lubosmoricky.com\/katalog\/wp-content\/uploads\/2022\/01\/119954550_10219842699272061_5622092839239790385_n-600x400.jpg 600w, http:\/\/lubosmoricky.com\/katalog\/wp-content\/uploads\/2022\/01\/119954550_10219842699272061_5622092839239790385_n-240x160.jpg 240w\" sizes=\"auto, (max-width: 1000px) 100vw, 1000px\" \/>\t\t\t\t\t\t\t\t\t\t\t\t\t\t\t<\/div>\n\t\t\t\t<\/div>\n\t\t\t\t<div class=\"elementor-element elementor-element-862e72f elementor-widget elementor-widget-heading\" data-id=\"862e72f\" data-element_type=\"widget\" data-widget_type=\"heading.default\">\n\t\t\t\t<div class=\"elementor-widget-container\">\n\t\t\t<h2 class=\"elementor-heading-title elementor-size-small\">D\u00e9lka 6m, v\u00fd\u0161ka 2,8m, maxim\u00e1ln\u00ed lo\u017en\u00e1 plocha 3,6m, v\u00fd\u0161ka n\u00e1kladov\u00e9ho prostoru 215cm, nosnost 1500Kg.<\/h2>\t\t<\/div>\n\t\t\t\t<\/div>\n\t\t\t\t\t<\/div>\n\t\t<\/div>\n\t\t\t\t\t\t\t<\/div>\n\t\t<\/section>\n\t\t\t\t\t\t<\/div>\n\t\t\t\t\t<\/div>\n\t\t","protected":false},"excerpt":{"rendered":"<p>DOPRAVA IVECO DAILY 35S13 Osv\u011btlovac\u00ed v\u016fz se standardn\u00edm vybaven\u00edm: floppy, r\u00e1my, polyboards, sandbagy, \u017eeb\u0159\u00edky, el. rozvody., D\u00e9lka 6m, v\u00fd\u0161ka 2,8m, maxim\u00e1ln\u00ed lo\u017en\u00e1 plocha 3,6m, v\u00fd\u0161ka n\u00e1kladov\u00e9ho prostoru 215cm, nosnost 1500Kg.<\/p>\n","protected":false},"author":2,"featured_media":0,"parent":0,"menu_order":0,"comment_status":"closed","ping_status":"closed","template":"","meta":{"pgc_sgb_lightbox_settings":"","ngg_post_thumbnail":0,"ocean_post_layout":"full-screen","ocean_both_sidebars_style":"","ocean_both_sidebars_content_width":0,"ocean_both_sidebars_sidebars_width":0,"ocean_sidebar":"0","ocean_second_sidebar":"0","ocean_disable_margins":"enable","ocean_add_body_class":"","ocean_shortcode_before_top_bar":"","ocean_shortcode_after_top_bar":"","ocean_shortcode_before_header":"","ocean_shortcode_after_header":"","ocean_has_shortcode":"","ocean_shortcode_after_title":"","ocean_shortcode_before_footer_widgets":"","ocean_shortcode_after_footer_widgets":"","ocean_shortcode_before_footer_bottom":"","ocean_shortcode_after_footer_bottom":"","ocean_display_top_bar":"off","ocean_display_header":"default","ocean_header_style":"","ocean_center_header_left_menu":"0","ocean_custom_header_template":"0","ocean_custom_logo":0,"ocean_custom_retina_logo":0,"ocean_custom_logo_max_width":0,"ocean_custom_logo_tablet_max_width":0,"ocean_custom_logo_mobile_max_width":0,"ocean_custom_logo_max_height":0,"ocean_custom_logo_tablet_max_height":0,"ocean_custom_logo_mobile_max_height":0,"ocean_header_custom_menu":"0","ocean_menu_typo_font_family":"0","ocean_menu_typo_font_subset":"","ocean_menu_typo_font_size":0,"ocean_menu_typo_font_size_tablet":0,"ocean_menu_typo_font_size_mobile":0,"ocean_menu_typo_font_size_unit":"px","ocean_menu_typo_font_weight":"","ocean_menu_typo_font_weight_tablet":"","ocean_menu_typo_font_weight_mobile":"","ocean_menu_typo_transform":"","ocean_menu_typo_transform_tablet":"","ocean_menu_typo_transform_mobile":"","ocean_menu_typo_line_height":0,"ocean_menu_typo_line_height_tablet":0,"ocean_menu_typo_line_height_mobile":0,"ocean_menu_typo_line_height_unit":"","ocean_menu_typo_spacing":0,"ocean_menu_typo_spacing_tablet":0,"ocean_menu_typo_spacing_mobile":0,"ocean_menu_typo_spacing_unit":"","ocean_menu_link_color":"","ocean_menu_link_color_hover":"","ocean_menu_link_color_active":"","ocean_menu_link_background":"","ocean_menu_link_hover_background":"","ocean_menu_link_active_background":"","ocean_menu_social_links_bg":"","ocean_menu_social_hover_links_bg":"","ocean_menu_social_links_color":"","ocean_menu_social_hover_links_color":"","ocean_disable_title":"on","ocean_disable_heading":"default","ocean_post_title":"","ocean_post_subheading":"","ocean_post_title_style":"","ocean_post_title_background_color":"","ocean_post_title_background":0,"ocean_post_title_bg_image_position":"","ocean_post_title_bg_image_attachment":"","ocean_post_title_bg_image_repeat":"","ocean_post_title_bg_image_size":"","ocean_post_title_height":0,"ocean_post_title_bg_overlay":0.5,"ocean_post_title_bg_overlay_color":"","ocean_disable_breadcrumbs":"default","ocean_breadcrumbs_color":"","ocean_breadcrumbs_separator_color":"","ocean_breadcrumbs_links_color":"","ocean_breadcrumbs_links_hover_color":"","ocean_display_footer_widgets":"off","ocean_display_footer_bottom":"off","ocean_custom_footer_template":"0","footnotes":""},"class_list":["post-2793","page","type-page","status-publish","hentry","entry","owp-thumbs-layout-horizontal","owp-btn-normal","owp-tabs-layout-horizontal","has-no-thumbnails","has-product-nav"],"_links":{"self":[{"href":"http:\/\/lubosmoricky.com\/katalog\/wp-json\/wp\/v2\/pages\/2793","targetHints":{"allow":["GET"]}}],"collection":[{"href":"http:\/\/lubosmoricky.com\/katalog\/wp-json\/wp\/v2\/pages"}],"about":[{"href":"http:\/\/lubosmoricky.com\/katalog\/wp-json\/wp\/v2\/types\/page"}],"author":[{"embeddable":true,"href":"http:\/\/lubosmoricky.com\/katalog\/wp-json\/wp\/v2\/users\/2"}],"replies":[{"embeddable":true,"href":"http:\/\/lubosmoricky.com\/katalog\/wp-json\/wp\/v2\/comments?post=2793"}],"version-history":[{"count":7,"href":"http:\/\/lubosmoricky.com\/katalog\/wp-json\/wp\/v2\/pages\/2793\/revisions"}],"predecessor-version":[{"id":2803,"href":"http:\/\/lubosmoricky.com\/katalog\/wp-json\/wp\/v2\/pages\/2793\/revisions\/2803"}],"wp:attachment":[{"href":"http:\/\/lubosmoricky.com\/katalog\/wp-json\/wp\/v2\/media?parent=2793"}],"curies":[{"name":"wp","href":"https:\/\/api.w.org\/{rel}","templated":true}]}}